{"id":181,"date":"2023-05-29T22:34:25","date_gmt":"2023-05-29T22:34:25","guid":{"rendered":"https:\/\/marticolatam.com\/?page_id=181"},"modified":"2023-05-29T22:49:23","modified_gmt":"2023-05-29T22:49:23","slug":"condiciones-de-uso-del-sitio-web","status":"publish","type":"page","link":"https:\/\/marticolatam.com\/?page_id=181","title":{"rendered":"CONDICIONES DE USO DEL SITIO WEB"},"content":{"rendered":"\n<p class=\"has-medium-font-size\"><strong>Aceptaci\u00f3n de las Condiciones de Uso<\/strong><\/p>\n\n\n\n<p>Las siguientes Condiciones de Uso regulan la utilizaci\u00f3n del Sitio Web que Eslatam pone a disposici\u00f3n de los Usuarios.<\/p>\n\n\n\n<p>El acceso y uso del Sitio Web por parte del Cliente supone que \u00e9ste acepta en su totalidad y se obliga a cumplir por completo los T\u00e9rminos y Condiciones del Sitio Web. Por ello, el Usuario debe leer atentamente las presentes Condiciones de Uso, as\u00ed como los restantes T\u00e9rminos y Condiciones del Sitio Web en cada una de las ocasiones en que desee utilizar la p\u00e1gina Web. Eslatam se reserva el derecho a actualizar, modificar o eliminar los presentes T\u00e9rminos y Condiciones de la Web.<\/p>\n\n\n\n<p class=\"has-medium-font-size\"><strong>Condiciones de uso del Sitio Web<\/strong><\/p>\n\n\n\n<p>El Usuario se obliga a hacer un buen uso del Sitio Web, entendi\u00e9ndose por buen uso el que sea conforme con la legislaci\u00f3n vigente, buena fe y orden p\u00fablico. De igual forma, el Usuario se compromete a no usar el Sitio Web con fines fraudulentos, as\u00ed como a no realizar alguna conducta que pudiera da\u00f1ar la imagen, los intereses y los derechos de Eslatam o de terceros. Asimismo, el Usuario se compromete a no realizar acto alguno con la finalidad de da\u00f1ar, inutilizar o sobrecargar el Sitio Web, o que impidiera, de forma alguna, la normal utilizaci\u00f3n y funcionamiento del mismo.<\/p>\n\n\n\n<p>Se informa al Usuario de que, en el caso de que incumpla el contenido o las obligaciones que se derivan de los T\u00e9rminos y Condiciones del Sitio Web o de cualesquiera otros t\u00e9rminos o condiciones particulares recogidos en el Sitio Web, Eslatam se reserva el derecho a limitar, suspender o terminar su acceso al Sitio Web, adoptando cualquier medida t\u00e9cnica que sea necesaria con ese fin. Asimismo, Eslatam se reserva la posibilidad de ejercer tales medidas en el supuesto de que sospeche razonablemente que el Usuario est\u00e1 vulnerando cualquiera de los t\u00e9rminos recogidos en los T\u00e9rminos y Condiciones del Sitio Web o de cualesquiera otros t\u00e9rminos o condiciones particulares recogidos en el Sitio Web.<\/p>\n\n\n\n<p>Eslatam se reserva el derecho a actualizar, modificar o eliminar la informaci\u00f3n contenida en el Sitio Web, incluyendo los contenidos y\/o servicios que en \u00e9l se integran, pudiendo incluso limitar o no permitir el acceso a dicha informaci\u00f3n, en cualquier momento y sin previo aviso. Fundamentalmente, Eslatam se reserva el derecho a eliminar, limitar o impedir el acceso al Sitio Web cuando surjan dificultades t\u00e9cnicas por hechos o circunstancias ajenos a Eslatam que, a su criterio, disminuyan o anulen los niveles de seguridad o est\u00e1ndares adoptados para el adecuado funcionamiento de dicho Sitio Web.<\/p>\n\n\n\n<p class=\"has-medium-font-size\"><strong>Contenido del Sitio Web<\/strong><\/p>\n\n\n\n<p>Los derechos de propiedad intelectual del Sitio Web, incluyendo estructura, dise\u00f1o gr\u00e1fico e interfaz de Usuario del Sitio Web,selecci\u00f3n y disposici\u00f3n de los contenidos del sitio, as\u00ed como todos los elementos que integran el Sitio Web (textos, fotograf\u00edas, gr\u00e1ficos, videos, grabaciones y m\u00e1s), corresponden a Eslatam o a sus licenciantes. Los signos distintivos incluidos en el Sitio Web, son autoridad de Eslatam o de sus licenciantes.<\/p>\n\n\n\n<p>El uso del Sitio Web por parte del Usuario es puramente informativo y no supone la cesi\u00f3n de derecho alguno de propiedad intelectual. A tal efecto, mediante las presentes Condiciones de Uso, salvo en aquellos supuestos en los que est\u00e9 legalmente permitido o medie previa autorizaci\u00f3n de Eslatam, queda totalmente prohibido al Usuario la reproducci\u00f3n, transformaci\u00f3n, distribuci\u00f3n, comunicaci\u00f3n p\u00fablica, puesta a disposici\u00f3n, extracci\u00f3n y\/o reutilizaci\u00f3n del Sitio Web. Eslatam se reserva la posibilidad de tomar acciones legales que correspondan contra los Usuarios, que violen o infrinjan los derechos de propiedad intelectual y\/o industrial.<\/p>\n\n\n\n<p>De igual forma, queda prohibida la reproducci\u00f3n, distribuci\u00f3n y la comunicaci\u00f3n p\u00fablica, incluida su modalidad de puesta a disposici\u00f3n, de la totalidad o parte de los Contenidos del Sitio Web con fines comerciales. Los Usuarios tambi\u00e9n habr\u00e1n de abstenerse de suprimir, alterar, eludir, o manipular cualquier dispositivo de protecci\u00f3n o sistema de seguridad que estuviera instalado en este Sitio Web.<\/p>\n\n\n\n<p>Eslatam otorga, a los Usuarios que respeten los T\u00e9rminos y Condiciones del Sitio Web una autorizaci\u00f3n para utilizar el Sitio Web, con car\u00e1cter no exclusivo y no comercial, durante el per\u00edodo m\u00e1ximo de vigencia de los derechos de propiedad intelectual e industrial seg\u00fan establezca la normativa aplicable.<\/p>\n\n\n\n<p>La informaci\u00f3n inclu\u00edda en este Sitio Web tiene como objetivo principal informar. Eslatam, rechaza toda responsabilidad por el uso de la informaci\u00f3n contenida en el Sitio Web para utilizarse en pr\u00e1cticas de poca f\u00e9.<\/p>\n\n\n\n<p>Eslatam se reserva el derecho a actualizar, modificar o eliminar la informaci\u00f3n contenida en el Sitio Web en los t\u00e9rminos se\u00f1alados anteriormente, no asumiendo compromiso alguno de comunicar cambios ni modificar el contenido del mismo.<\/p>\n\n\n\n<p>El Usuario <strong>ACEPTA Y RECONOCE<\/strong> las declaraciones de <strong>Eslatam<\/strong> anteriores y adicionalmente, <strong>GARANTIZA<\/strong> el cumplimiento de la normativa en su condici\u00f3n de Usuario de este Sitio Web.<\/p>\n\n\n\n<p><\/p>\n","protected":false},"excerpt":{"rendered":"<p>Aceptaci\u00f3n de las Condiciones de Uso Las siguientes Condiciones de Uso regulan la utilizaci\u00f3n del Sitio Web que Eslatam pone a disposici\u00f3n de los Usuarios. El acceso y uso del Sitio Web por parte del Cliente supone que \u00e9ste acepta en su totalidad y se obliga a cumplir por completo los T\u00e9rminos y Condiciones del<\/p>\n","protected":false},"author":1,"featured_media":0,"parent":0,"menu_order":0,"comment_status":"closed","ping_status":"closed","template":"","meta":[],"_links":{"self":[{"href":"https:\/\/marticolatam.com\/index.php?rest_route=\/wp\/v2\/pages\/181"}],"collection":[{"href":"https:\/\/marticolatam.com\/index.php?rest_route=\/wp\/v2\/pages"}],"about":[{"href":"https:\/\/marticolatam.com\/index.php?rest_route=\/wp\/v2\/types\/page"}],"author":[{"embeddable":true,"href":"https:\/\/marticolatam.com\/index.php?rest_route=\/wp\/v2\/users\/1"}],"replies":[{"embeddable":true,"href":"https:\/\/marticolatam.com\/index.php?rest_route=%2Fwp%2Fv2%2Fcomments&post=181"}],"version-history":[{"count":2,"href":"https:\/\/marticolatam.com\/index.php?rest_route=\/wp\/v2\/pages\/181\/revisions"}],"predecessor-version":[{"id":189,"href":"https:\/\/marticolatam.com\/index.php?rest_route=\/wp\/v2\/pages\/181\/revisions\/189"}],"wp:attachment":[{"href":"https:\/\/marticolatam.com\/index.php?rest_route=%2Fwp%2Fv2%2Fmedia&parent=181"}],"curies":[{"name":"wp","href":"https:\/\/api.w.org\/{rel}","templated":true}]}}